{"id":1253,"date":"2018-12-27T13:49:29","date_gmt":"2018-12-27T12:49:29","guid":{"rendered":"http:\/\/www.soederhof.de\/?page_id=1253"},"modified":"2018-12-27T13:56:09","modified_gmt":"2018-12-27T12:56:09","slug":"verkauf-pacht","status":"publish","type":"page","link":"https:\/\/www.soederhof.de\/en\/verkauf-pacht\/","title":{"rendered":"Verkaufspferde\/Pachtb\u00f6rse"},"content":{"rendered":"<p>Diese Seite befindet sich noch im Aufbau. Bitte nutzen Sie f\u00fcr die Unterpunkte vorerst das Dropdown-Men\u00fc. <br \/>\nVielen Dank!<\/p>\n","protected":false},"excerpt":{"rendered":"<p>Diese Seite befindet sich noch im Aufbau. Bitte nutzen Sie f\u00fcr die Unterpunkte vorerst das Dropdown-Men\u00fc. Vielen Dank!<\/p>\n","protected":false},"author":1,"featured_media":0,"parent":0,"menu_order":0,"comment_status":"closed","ping_status":"closed","template":"","meta":{"footnotes":""},"class_list":["post-1253","page","type-page","status-publish","hentry"],"translation":{"provider":"WPGlobus","version":"3.0.0","language":"en","enabled_languages":["de","en"],"languages":{"de":{"title":true,"content":true,"excerpt":false},"en":{"title":false,"content":false,"excerpt":false}}},"yoast_head":"<!-- This site is optimized with the Yoast SEO plugin v26.6 - https:\/\/yoast.com\/wordpress\/plugins\/seo\/ -->\n<title>Verkaufspferde\/Pachtb\u00f6rse - S\u00f6derhof<\/title>\n<meta name=\"robots\" content=\"index, follow, max-snippet:-1, max-image-preview:large, max-video-preview:-1\" \/>\n<link rel=\"canonical\" href=\"https:\/\/www.soederhof.de\/en\/verkauf-pacht\/\" \/>\n<meta property=\"og:locale\" content=\"en_US\" \/>\n<meta property=\"og:type\" content=\"article\" \/>\n<meta property=\"og:title\" content=\"Verkaufspferde\/Pachtb\u00f6rse - S\u00f6derhof\" \/>\n<meta property=\"og:url\" content=\"https:\/\/www.soederhof.de\/en\/verkauf-pacht\/\" \/>\n<meta property=\"og:site_name\" content=\"S\u00f6derhof\" \/>\n<meta property=\"article:modified_time\" content=\"2018-12-27T12:56:09+00:00\" \/>\n<meta name=\"twitter:card\" content=\"summary_large_image\" \/>\n<script type=\"application\/ld+json\" class=\"yoast-schema-graph\">{\"@context\":\"https:\/\/schema.org\",\"@graph\":[{\"@type\":\"WebPage\",\"@id\":\"https:\/\/www.soederhof.de\/en\/verkauf-pacht\/\",\"url\":\"https:\/\/www.soederhof.de\/en\/verkauf-pacht\/\",\"name\":\"Verkaufspferde\/Pachtb\u00f6rse - S\u00f6derhof\",\"isPartOf\":{\"@id\":\"https:\/\/www.soederhof.de\/#website\"},\"datePublished\":\"2018-12-27T12:49:29+00:00\",\"dateModified\":\"2018-12-27T12:56:09+00:00\",\"description\":\"\\\"Die Adresse f\u00fcr Edelblut\\\" - EU-Besamungsstation - Zucht- und Ausbildungsstall\",\"breadcrumb\":{\"@id\":\"https:\/\/www.soederhof.de\/en\/verkauf-pacht\/#breadcrumb\"},\"inLanguage\":\"en-US\",\"potentialAction\":[{\"@type\":\"ReadAction\",\"target\":[\"https:\/\/www.soederhof.de\/en\/verkauf-pacht\/\"]}]},{\"@type\":\"BreadcrumbList\",\"@id\":\"https:\/\/www.soederhof.de\/en\/verkauf-pacht\/#breadcrumb\",\"itemListElement\":[{\"@type\":\"ListItem\",\"position\":1,\"name\":\"Startseite\",\"item\":\"https:\/\/www.soederhof.de\/\"},{\"@type\":\"ListItem\",\"position\":2,\"name\":\"Verkaufspferde\/Pachtb\u00f6rse\"}]},{\"@type\":\"WebSite\",\"@id\":\"https:\/\/www.soederhof.de\/#website\",\"url\":\"https:\/\/www.soederhof.de\/\",\"name\":\"S\u00f6derhof\",\"description\":\"Die Adresse f\u00fcr Edelblut\",\"publisher\":{\"@id\":\"https:\/\/www.soederhof.de\/#organization\"},\"potentialAction\":[{\"@type\":\"SearchAction\",\"target\":{\"@type\":\"EntryPoint\",\"urlTemplate\":\"https:\/\/www.soederhof.de\/?s={search_term_string}\"},\"query-input\":{\"@type\":\"PropertyValueSpecification\",\"valueRequired\":true,\"valueName\":\"search_term_string\"}}],\"inLanguage\":\"en-US\"},{\"@type\":\"Organization\",\"@id\":\"https:\/\/www.soederhof.de\/#organization\",\"name\":\"S\u00f6derhof\",\"url\":\"https:\/\/www.soederhof.de\/\",\"logo\":{\"@type\":\"ImageObject\",\"inLanguage\":\"en-US\",\"@id\":\"https:\/\/www.soederhof.de\/#\/schema\/logo\/image\/\",\"url\":\"https:\/\/www.soederhof.de\/wp-content\/uploads\/2020\/01\/logo.png\",\"contentUrl\":\"https:\/\/www.soederhof.de\/wp-content\/uploads\/2020\/01\/logo.png\",\"width\":369,\"height\":166,\"caption\":\"S\u00f6derhof\"},\"image\":{\"@id\":\"https:\/\/www.soederhof.de\/#\/schema\/logo\/image\/\"}}]}<\/script>\n<!-- \/ Yoast SEO plugin. -->","yoast_head_json":{"title":"Verkaufspferde\/Pachtb\u00f6rse - S\u00f6derhof","robots":{"index":"index","follow":"follow","max-snippet":"max-snippet:-1","max-image-preview":"max-image-preview:large","max-video-preview":"max-video-preview:-1"},"canonical":"https:\/\/www.soederhof.de\/en\/verkauf-pacht\/","og_locale":"en_US","og_type":"article","og_title":"Verkaufspferde\/Pachtb\u00f6rse - S\u00f6derhof","og_url":"https:\/\/www.soederhof.de\/en\/verkauf-pacht\/","og_site_name":"S\u00f6derhof","article_modified_time":"2018-12-27T12:56:09+00:00","twitter_card":"summary_large_image","schema":{"@context":"https:\/\/schema.org","@graph":[{"@type":"WebPage","@id":"https:\/\/www.soederhof.de\/en\/verkauf-pacht\/","url":"https:\/\/www.soederhof.de\/en\/verkauf-pacht\/","name":"Verkaufspferde\/Pachtb\u00f6rse - S\u00f6derhof","isPartOf":{"@id":"https:\/\/www.soederhof.de\/#website"},"datePublished":"2018-12-27T12:49:29+00:00","dateModified":"2018-12-27T12:56:09+00:00","description":"\"Die Adresse f\u00fcr Edelblut\" - EU-Besamungsstation - Zucht- und Ausbildungsstall","breadcrumb":{"@id":"https:\/\/www.soederhof.de\/en\/verkauf-pacht\/#breadcrumb"},"inLanguage":"en-US","potentialAction":[{"@type":"ReadAction","target":["https:\/\/www.soederhof.de\/en\/verkauf-pacht\/"]}]},{"@type":"BreadcrumbList","@id":"https:\/\/www.soederhof.de\/en\/verkauf-pacht\/#breadcrumb","itemListElement":[{"@type":"ListItem","position":1,"name":"Startseite","item":"https:\/\/www.soederhof.de\/"},{"@type":"ListItem","position":2,"name":"Verkaufspferde\/Pachtb\u00f6rse"}]},{"@type":"WebSite","@id":"https:\/\/www.soederhof.de\/#website","url":"https:\/\/www.soederhof.de\/","name":"S\u00f6derhof","description":"Die Adresse f\u00fcr Edelblut","publisher":{"@id":"https:\/\/www.soederhof.de\/#organization"},"potentialAction":[{"@type":"SearchAction","target":{"@type":"EntryPoint","urlTemplate":"https:\/\/www.soederhof.de\/?s={search_term_string}"},"query-input":{"@type":"PropertyValueSpecification","valueRequired":true,"valueName":"search_term_string"}}],"inLanguage":"en-US"},{"@type":"Organization","@id":"https:\/\/www.soederhof.de\/#organization","name":"S\u00f6derhof","url":"https:\/\/www.soederhof.de\/","logo":{"@type":"ImageObject","inLanguage":"en-US","@id":"https:\/\/www.soederhof.de\/#\/schema\/logo\/image\/","url":"https:\/\/www.soederhof.de\/wp-content\/uploads\/2020\/01\/logo.png","contentUrl":"https:\/\/www.soederhof.de\/wp-content\/uploads\/2020\/01\/logo.png","width":369,"height":166,"caption":"S\u00f6derhof"},"image":{"@id":"https:\/\/www.soederhof.de\/#\/schema\/logo\/image\/"}}]}},"_links":{"self":[{"href":"https:\/\/www.soederhof.de\/en\/wp-json\/wp\/v2\/pages\/1253","targetHints":{"allow":["GET"]}}],"collection":[{"href":"https:\/\/www.soederhof.de\/en\/wp-json\/wp\/v2\/pages"}],"about":[{"href":"https:\/\/www.soederhof.de\/en\/wp-json\/wp\/v2\/types\/page"}],"author":[{"embeddable":true,"href":"https:\/\/www.soederhof.de\/en\/wp-json\/wp\/v2\/users\/1"}],"replies":[{"embeddable":true,"href":"https:\/\/www.soederhof.de\/en\/wp-json\/wp\/v2\/comments?post=1253"}],"version-history":[{"count":2,"href":"https:\/\/www.soederhof.de\/en\/wp-json\/wp\/v2\/pages\/1253\/revisions"}],"predecessor-version":[{"id":1257,"href":"https:\/\/www.soederhof.de\/en\/wp-json\/wp\/v2\/pages\/1253\/revisions\/1257"}],"wp:attachment":[{"href":"https:\/\/www.soederhof.de\/en\/wp-json\/wp\/v2\/media?parent=1253"}],"curies":[{"name":"wp","href":"https:\/\/api.w.org\/{rel}","templated":true}]}}