{"id":1989,"date":"2020-02-15T17:08:45","date_gmt":"2020-02-15T16:08:45","guid":{"rendered":"https:\/\/www.soederhof.de\/?page_id=1989"},"modified":"2021-04-06T14:44:40","modified_gmt":"2021-04-06T12:44:40","slug":"kunar-t","status":"publish","type":"page","link":"https:\/\/www.soederhof.de\/en\/kunar-t\/","title":{"rendered":"Kunar T ox"},"content":{"rendered":"<p align=\"center\">\u00a0<\/p>\n<p>&nbsp;<\/p>\n<p style=\"text-align: center;\">By Nadir I ox out of Kupona ox by Kupol ox<br \/>\nBorn in 2005<br \/>\nBlackbrown, 16.1 hh<br \/>\nOwner: Gest\u00fct Amal<br \/>\nStud fee: 800 \u20ac incl. VAT, <strong>Natural covering or frozen semen<\/strong><\/p>\n<p style=\"text-align: center;\"><a href=\"https:\/\/www.soederhof.de\/wp-content\/uploads\/2021\/01\/Kunar_Kopf.png\"><img loading=\"lazy\" decoding=\"async\" class=\"alignnone size-full wp-image-2404\" src=\"https:\/\/www.soederhof.de\/wp-content\/uploads\/2021\/01\/Kunar_Kopf.png\" alt=\"\" width=\"500\" height=\"376\" srcset=\"https:\/\/www.soederhof.de\/wp-content\/uploads\/2021\/01\/Kunar_Kopf.png 500w, https:\/\/www.soederhof.de\/wp-content\/uploads\/2021\/01\/Kunar_Kopf-300x226.png 300w\" sizes=\"auto, (max-width: 500px) 100vw, 500px\" \/><\/a><\/p>\n<p>&nbsp;<\/p>\n<p style=\"text-align: center;\"><strong>Pr\u00e4mienhengst Kunar T<br \/>\n<\/strong><\/p>\n<p style=\"text-align: center;\"><strong>Registered by ZSAA section purebred arabians Gold Premium<\/strong><\/p>\n<p style=\"text-align: center;\"><strong>Licensed by AVS \u2013 approved by alls breeds by NRPS and KWPN.<\/strong><\/p>\n<p style=\"text-align: center;\"><strong>CA und SCID free <\/strong><\/p>\n<p>&nbsp;<\/p>\n<p>&nbsp;<\/p>\n<p><iframe loading=\"lazy\" title=\"Kunar T\" width=\"800\" height=\"450\" src=\"https:\/\/www.youtube.com\/embed\/2snOLdxJHPM?feature=oembed\" frameborder=\"0\" allow=\"accelerometer; autoplay; clipboard-write; encrypted-media; gyroscope; picture-in-picture\" allowfullscreen><\/iframe><\/p>\n<p>&nbsp;<\/p>\n<p>&nbsp;<\/p>\n<p style=\"text-align: center;\"><span style=\"font-size: 12pt;\"><strong><a href=\"https:\/\/www.allbreedpedigree.com\/kunar+t?fbclidiwar3nrwfei-oisrwp2t619z3pa_sdmvxrcr69sfxvp71hd3aajtku-4tai3q\">Pedigree Kunar T<\/a><\/strong><\/span><\/p>\n<p>&nbsp;<\/p>\n<p>&nbsp;<\/p>\n<p>&nbsp;<\/p>\n<p style=\"text-align: center;\"><img loading=\"lazy\" decoding=\"async\" id=\"mce-16323\" src=\"https:\/\/www.gestuet-amal.de\/attachments\/Image\/941462_139208559607976_1818843463_n.jpg?template=generic\" alt=\"Jan Kan\" width=\"500\" height=\"299\" \/><\/p>\n<p>&nbsp;<\/p>\n<p>&nbsp;<\/p>\n<p style=\"text-align: center;\"><strong>Showresults KUNAR T :<br \/>\n<\/strong><\/p>\n<p style=\"text-align: center;\">\u00a0<\/p>\n<p style=\"text-align: center;\">* GOLD MEDAL Champion colt foal, Regional Show Exloo, Holland 2005<br \/>\n* GOLD MEDAL Champion colt foal, National Show Ermelo, Holland 2005<br \/>\n* GOLD MEDAL Champion Junior Stallions, Regional Show Alkmaar, Holland 2006<br \/>\n* GOLD MEDAL Champion Junior Stallions, Regional Show Oudkarspel, Holland 2007<br \/>\n* Classwinner 2 year old colts, Int. Show Brecht, Belgium 2007<br \/>\n* GOLD MEDAL Champion Junior Stallions, National Show Ermelo, Holland 2007<br \/>\n* 4th place 2 year old colts, Nations Cup Aken, Germany 2007<br \/>\n* GOLD MEDAL Champion Junior Stallions, Regional Show Oudkarspel, Holland 2008<br \/>\n* GOLD MEDAL Champion Junior Stallions, Holland 2008<br \/>\n* Classwinner 3 year old colts, European Championships Belgium 2008<br \/>\n* BRONZE MEDAL Champion Senior Stallions, Int. Show St. Oedenrode<br \/>\n* 2012 GOLD MEDAL Champion Stallions, Int. B-Show Brecht Belgium<br \/>\nWINNER EMERALD TROPHY 2012 &#8211; BEST IN SHOW<br \/>\n* 4th place Senior Stallions 7-9 years, European Championships 2012<br \/>\n* TOP FIVE Senior Stallions 7-9 years, PSAIAHF Arabian Horse Festival,<br \/>\nRiyadh, Saudi Arabia.<br \/>\n* Classwinner Senior Stallion 7-9 years, Int. B-Show, Tulip Cup Deurne 2013 and SILVER MEDAL Champion Senior Stallions<br \/>\nGOLD MEDAL Senior Stallions, Dutch Nationals Raalte, Holland 2013<br \/>\n&#8220;HORSE WITH THE BEST TROT&#8221;<br \/>\n&#8220;BEST DUTCH BRED HORSE 2013&#8221;<br \/>\n3rd place stallions 7-9 years, All Nations Cup Aken 2013<\/p>\n<p>&nbsp;<\/p>\n<p>&nbsp;<\/p>\n<p style=\"text-align: center;\"><strong>Showresults KUNAR T offspring:<\/strong><\/p>\n<p>&nbsp;<\/p>\n<p style=\"text-align: center;\"><span class=\"fbPhotoCaptionText\">ZER Nabilah AS von Kunar T aus der ZER Nabiah. Pr\u00e4mienstute mit Pr\u00e4mienfohlen bei Fu\u00df.<br \/>\n<\/span><\/p>\n<p><span class=\"fbPhotoCaptionText\"><span class=\"image-block  caption-over-image\"><img loading=\"lazy\" decoding=\"async\" id=\"mce-9827\" class=\"aligncenter\" src=\"https:\/\/www.gestuet-amal.de\/attachments\/Image\/38474990_627899307595339_2856290811052556288_n.jpg?template=generic\" alt=\"\" width=\"450\" height=\"300\" \/><\/span><\/span><\/p>\n<p><span class=\"fbPhotoCaptionText\"><span class=\"image-block  caption-over-image\"><img loading=\"lazy\" decoding=\"async\" id=\"mce-9910\" class=\"aligncenter\" src=\"https:\/\/www.gestuet-amal.de\/attachments\/Image\/37970965_10160730042070603_8055784082220515328_n_1.png?template=generic\" alt=\"\" width=\"450\" height=\"676\" \/><\/span><\/span><\/p>\n<p>&nbsp;<\/p>\n<p style=\"text-align: center;\">Rose of Kunar (out of Cynthia E.A. by Khidar)<br \/>\n&#8211; Bronze Medal Junior Champion filly, Nat. C-Show Beemster, Holland 2010<br \/>\nPrikuna Kossack (out of Pribaltika by Balaton)<br \/>\n&#8211; Silver Medal filly foals, Nat. C-Show Beemster, Holland 2010<br \/>\n&#8211; 3rd place yearling fillies, Nat. C-Show St. Oedenrode, Holland 2011<br \/>\nVinara Kossack (out of Virba Kossack by Pobeditel)<br \/>\n&#8211; Silver Medal Champion filly foals, Nat. C-Show Alkmaar, Holland 2012<br \/>\n&#8211; Silver Medal Champion filly foals, Dutch Nationals, Raalte 2012<br \/>\nJaJakurplukan (out of Draplukanka by Plumbum)<br \/>\n&#8211; Silver Medal Champion Junior colts, Nat. C-Show Alkmaar, Holland 2012<br \/>\n&#8211; Claswinner Yearling colt, Dutch Nationals, Raalte 2012<br \/>\n&#8211; Gold Medal Champion Junior colts, Dutch Nationals, Raalte 2012<br \/>\nKuna Asil (out of Poliana by Balaton)<br \/>\n&#8211; Class Winner National Foal Show Denmark 2012<br \/>\n&#8211; Bronze Medal Champion National Foal Show Denmark 2012<br \/>\nZK Mazjuna (out of ZK Marazja by Marcipan)<br \/>\n&#8211; Bronze Medal Champion Junior fillies, Dutch Nationals, Raalte 2012<br \/>\nH Perdita (out of Exotic Pearl)<br \/>\n&#8211; Claswinner filly foals, British Nationals 2012<br \/>\n&#8211; Gold Medal Champion National Foal, Btitish Nationals 2012<\/p>\n<p>&nbsp;<\/p>\n<p><span class=\"image-block  caption-over-image\"><img loading=\"lazy\" decoding=\"async\" id=\"mce-16787\" class=\"aligncenter\" src=\"https:\/\/www.gestuet-amal.de\/attachments\/Image\/296140_137950639733768_569634856_n_1.jpg?template=generic\" alt=\"\" width=\"500\" height=\"333\" \/><\/span><\/p>\n<p>\u00a0<span class=\"image-block  caption-over-image\"><img loading=\"lazy\" decoding=\"async\" id=\"mce-1556\" class=\"aligncenter\" src=\"https:\/\/www.gestuet-amal.de\/attachments\/Image\/7886_141743326021166_756660165_n.jpg?template=generic\" alt=\"\" width=\"500\" height=\"333\" \/><\/span><\/p>\n<p>&nbsp;<\/p>\n<p>\u00a0<span class=\"image-block  caption-over-image\"><img loading=\"lazy\" decoding=\"async\" id=\"mce-1714\" class=\"aligncenter\" src=\"https:\/\/www.gestuet-amal.de\/attachments\/Image\/575408_137950693067096_963840657_n.jpg?template=generic\" alt=\"\" width=\"500\" height=\"333\" \/><\/span><\/p>\n<p>&nbsp;<\/p>\n<p>&nbsp;<\/p>\n","protected":false},"excerpt":{"rendered":"<p>\u00a0 &nbsp; By Nadir I ox out of Kupona ox by Kupol ox Born in 2005 Blackbrown, 16.1 hh Owner: Gest\u00fct Amal Stud fee: 800 \u20ac incl. VAT, Natural covering or frozen semen &nbsp; Pr\u00e4mienhengst Kunar T Registered by ZSAA&#8230; <a href=\"https:\/\/www.soederhof.de\/en\/kunar-t\/\" class=\"readmore\">Read more<span class=\"screen-reader-text\">Kunar T ox<\/span><span class=\"fa fa-angle-double-right\" aria-hidden=\"true\"><\/span><\/a><\/p>\n","protected":false},"author":1,"featured_media":0,"parent":0,"menu_order":0,"comment_status":"closed","ping_status":"closed","template":"","meta":{"footnotes":""},"class_list":["post-1989","page","type-page","status-publish","hentry"],"translation":{"provider":"WPGlobus","version":"3.0.0","language":"en","enabled_languages":["de","en"],"languages":{"de":{"title":true,"content":true,"excerpt":false},"en":{"title":true,"content":true,"excerpt":false}}},"yoast_head":"<!-- This site is optimized with the Yoast SEO plugin v26.6 - https:\/\/yoast.com\/wordpress\/plugins\/seo\/ -->\n<title>Kunar T ox - S\u00f6derhof<\/title>\n<meta name=\"robots\" content=\"index, follow, max-snippet:-1, max-image-preview:large, max-video-preview:-1\" \/>\n<link rel=\"canonical\" href=\"https:\/\/www.soederhof.de\/kunar-t\/\" \/>\n<meta property=\"og:locale\" content=\"en_US\" \/>\n<meta property=\"og:type\" content=\"article\" \/>\n<meta property=\"og:title\" content=\"Kunar T ox - S\u00f6derhof\" \/>\n<meta property=\"og:url\" content=\"https:\/\/www.soederhof.de\/kunar-t\/\" \/>\n<meta property=\"og:site_name\" content=\"S\u00f6derhof\" \/>\n<meta property=\"article:modified_time\" content=\"2021-04-06T12:44:40+00:00\" \/>\n<meta property=\"og:image\" content=\"https:\/\/www.soederhof.de\/wp-content\/uploads\/2021\/01\/Kunar_Kopf.png\" \/>\n<meta name=\"twitter:card\" content=\"summary_large_image\" \/>\n<meta name=\"twitter:label1\" content=\"Est. reading time\" \/>\n\t<meta name=\"twitter:data1\" content=\"4 minutes\" \/>\n<script type=\"application\/ld+json\" class=\"yoast-schema-graph\">{\"@context\":\"https:\/\/schema.org\",\"@graph\":[{\"@type\":\"WebPage\",\"@id\":\"https:\/\/www.soederhof.de\/kunar-t\/\",\"url\":\"https:\/\/www.soederhof.de\/kunar-t\/\",\"name\":\"Kunar T ox - S\u00f6derhof\",\"isPartOf\":{\"@id\":\"https:\/\/www.soederhof.de\/#website\"},\"primaryImageOfPage\":{\"@id\":\"https:\/\/www.soederhof.de\/kunar-t\/#primaryimage\"},\"image\":{\"@id\":\"https:\/\/www.soederhof.de\/kunar-t\/#primaryimage\"},\"thumbnailUrl\":\"https:\/\/www.soederhof.de\/wp-content\/uploads\/2021\/01\/Kunar_Kopf.png\",\"datePublished\":\"2020-02-15T16:08:45+00:00\",\"dateModified\":\"2021-04-06T12:44:40+00:00\",\"description\":\"\\\"Die Adresse f\u00fcr Edelblut\\\" - EU-Besamungsstation - Zucht- und Ausbildungsstall\",\"breadcrumb\":{\"@id\":\"https:\/\/www.soederhof.de\/kunar-t\/#breadcrumb\"},\"inLanguage\":\"en-US\",\"potentialAction\":[{\"@type\":\"ReadAction\",\"target\":[\"https:\/\/www.soederhof.de\/kunar-t\/\"]}]},{\"@type\":\"ImageObject\",\"inLanguage\":\"en-US\",\"@id\":\"https:\/\/www.soederhof.de\/kunar-t\/#primaryimage\",\"url\":\"https:\/\/www.soederhof.de\/wp-content\/uploads\/2021\/01\/Kunar_Kopf.png\",\"contentUrl\":\"https:\/\/www.soederhof.de\/wp-content\/uploads\/2021\/01\/Kunar_Kopf.png\"},{\"@type\":\"BreadcrumbList\",\"@id\":\"https:\/\/www.soederhof.de\/kunar-t\/#breadcrumb\",\"itemListElement\":[{\"@type\":\"ListItem\",\"position\":1,\"name\":\"Startseite\",\"item\":\"https:\/\/www.soederhof.de\/\"},{\"@type\":\"ListItem\",\"position\":2,\"name\":\"Kunar T ox\"}]},{\"@type\":\"WebSite\",\"@id\":\"https:\/\/www.soederhof.de\/#website\",\"url\":\"https:\/\/www.soederhof.de\/\",\"name\":\"S\u00f6derhof\",\"description\":\"Die Adresse f\u00fcr Edelblut\",\"publisher\":{\"@id\":\"https:\/\/www.soederhof.de\/#organization\"},\"potentialAction\":[{\"@type\":\"SearchAction\",\"target\":{\"@type\":\"EntryPoint\",\"urlTemplate\":\"https:\/\/www.soederhof.de\/?s={search_term_string}\"},\"query-input\":{\"@type\":\"PropertyValueSpecification\",\"valueRequired\":true,\"valueName\":\"search_term_string\"}}],\"inLanguage\":\"en-US\"},{\"@type\":\"Organization\",\"@id\":\"https:\/\/www.soederhof.de\/#organization\",\"name\":\"S\u00f6derhof\",\"url\":\"https:\/\/www.soederhof.de\/\",\"logo\":{\"@type\":\"ImageObject\",\"inLanguage\":\"en-US\",\"@id\":\"https:\/\/www.soederhof.de\/#\/schema\/logo\/image\/\",\"url\":\"https:\/\/www.soederhof.de\/wp-content\/uploads\/2020\/01\/logo.png\",\"contentUrl\":\"https:\/\/www.soederhof.de\/wp-content\/uploads\/2020\/01\/logo.png\",\"width\":369,\"height\":166,\"caption\":\"S\u00f6derhof\"},\"image\":{\"@id\":\"https:\/\/www.soederhof.de\/#\/schema\/logo\/image\/\"}}]}<\/script>\n<!-- \/ Yoast SEO plugin. -->","yoast_head_json":{"title":"Kunar T ox - S\u00f6derhof","robots":{"index":"index","follow":"follow","max-snippet":"max-snippet:-1","max-image-preview":"max-image-preview:large","max-video-preview":"max-video-preview:-1"},"canonical":"https:\/\/www.soederhof.de\/kunar-t\/","og_locale":"en_US","og_type":"article","og_title":"Kunar T ox - S\u00f6derhof","og_url":"https:\/\/www.soederhof.de\/kunar-t\/","og_site_name":"S\u00f6derhof","article_modified_time":"2021-04-06T12:44:40+00:00","og_image":[{"url":"https:\/\/www.soederhof.de\/wp-content\/uploads\/2021\/01\/Kunar_Kopf.png","type":"","width":"","height":""}],"twitter_card":"summary_large_image","twitter_misc":{"Est. reading time":"4 minutes"},"schema":{"@context":"https:\/\/schema.org","@graph":[{"@type":"WebPage","@id":"https:\/\/www.soederhof.de\/kunar-t\/","url":"https:\/\/www.soederhof.de\/kunar-t\/","name":"Kunar T ox - S\u00f6derhof","isPartOf":{"@id":"https:\/\/www.soederhof.de\/#website"},"primaryImageOfPage":{"@id":"https:\/\/www.soederhof.de\/kunar-t\/#primaryimage"},"image":{"@id":"https:\/\/www.soederhof.de\/kunar-t\/#primaryimage"},"thumbnailUrl":"https:\/\/www.soederhof.de\/wp-content\/uploads\/2021\/01\/Kunar_Kopf.png","datePublished":"2020-02-15T16:08:45+00:00","dateModified":"2021-04-06T12:44:40+00:00","description":"\"Die Adresse f\u00fcr Edelblut\" - EU-Besamungsstation - Zucht- und Ausbildungsstall","breadcrumb":{"@id":"https:\/\/www.soederhof.de\/kunar-t\/#breadcrumb"},"inLanguage":"en-US","potentialAction":[{"@type":"ReadAction","target":["https:\/\/www.soederhof.de\/kunar-t\/"]}]},{"@type":"ImageObject","inLanguage":"en-US","@id":"https:\/\/www.soederhof.de\/kunar-t\/#primaryimage","url":"https:\/\/www.soederhof.de\/wp-content\/uploads\/2021\/01\/Kunar_Kopf.png","contentUrl":"https:\/\/www.soederhof.de\/wp-content\/uploads\/2021\/01\/Kunar_Kopf.png"},{"@type":"BreadcrumbList","@id":"https:\/\/www.soederhof.de\/kunar-t\/#breadcrumb","itemListElement":[{"@type":"ListItem","position":1,"name":"Startseite","item":"https:\/\/www.soederhof.de\/"},{"@type":"ListItem","position":2,"name":"Kunar T ox"}]},{"@type":"WebSite","@id":"https:\/\/www.soederhof.de\/#website","url":"https:\/\/www.soederhof.de\/","name":"S\u00f6derhof","description":"Die Adresse f\u00fcr Edelblut","publisher":{"@id":"https:\/\/www.soederhof.de\/#organization"},"potentialAction":[{"@type":"SearchAction","target":{"@type":"EntryPoint","urlTemplate":"https:\/\/www.soederhof.de\/?s={search_term_string}"},"query-input":{"@type":"PropertyValueSpecification","valueRequired":true,"valueName":"search_term_string"}}],"inLanguage":"en-US"},{"@type":"Organization","@id":"https:\/\/www.soederhof.de\/#organization","name":"S\u00f6derhof","url":"https:\/\/www.soederhof.de\/","logo":{"@type":"ImageObject","inLanguage":"en-US","@id":"https:\/\/www.soederhof.de\/#\/schema\/logo\/image\/","url":"https:\/\/www.soederhof.de\/wp-content\/uploads\/2020\/01\/logo.png","contentUrl":"https:\/\/www.soederhof.de\/wp-content\/uploads\/2020\/01\/logo.png","width":369,"height":166,"caption":"S\u00f6derhof"},"image":{"@id":"https:\/\/www.soederhof.de\/#\/schema\/logo\/image\/"}}]}},"_links":{"self":[{"href":"https:\/\/www.soederhof.de\/en\/wp-json\/wp\/v2\/pages\/1989","targetHints":{"allow":["GET"]}}],"collection":[{"href":"https:\/\/www.soederhof.de\/en\/wp-json\/wp\/v2\/pages"}],"about":[{"href":"https:\/\/www.soederhof.de\/en\/wp-json\/wp\/v2\/types\/page"}],"author":[{"embeddable":true,"href":"https:\/\/www.soederhof.de\/en\/wp-json\/wp\/v2\/users\/1"}],"replies":[{"embeddable":true,"href":"https:\/\/www.soederhof.de\/en\/wp-json\/wp\/v2\/comments?post=1989"}],"version-history":[{"count":11,"href":"https:\/\/www.soederhof.de\/en\/wp-json\/wp\/v2\/pages\/1989\/revisions"}],"predecessor-version":[{"id":2575,"href":"https:\/\/www.soederhof.de\/en\/wp-json\/wp\/v2\/pages\/1989\/revisions\/2575"}],"wp:attachment":[{"href":"https:\/\/www.soederhof.de\/en\/wp-json\/wp\/v2\/media?parent=1989"}],"curies":[{"name":"wp","href":"https:\/\/api.w.org\/{rel}","templated":true}]}}