{"id":293,"date":"2017-11-30T11:05:12","date_gmt":"2017-11-30T10:05:12","guid":{"rendered":"http:\/\/www.website-hk.de\/?page_id=293"},"modified":"2023-01-13T12:09:27","modified_gmt":"2023-01-13T11:09:27","slug":"fohlenboerse","status":"publish","type":"page","link":"https:\/\/www.soederhof.de\/en\/fohlenboerse\/","title":{"rendered":"Fohlenb\u00f6rse"},"content":{"rendered":"<p>Diese Seite ist ein Service f\u00fcr alle Kunden unserer Besamungsstation.<\/p>\n<p>Wenn Sie ein Fohlen von einem unserer Hengste haben, k\u00f6nnen Sie dieses hier kostenlos zum Verkauf pr\u00e4sentieren. Bitte schicken Sie uns m\u00f6glichst per Mail ein aussagekr\u00e4ftiges Foto, wenn Sie haben ein Video (nicht l\u00e4nger als 30 Sek.),<\/p>\n<p>die Abstammung mit genauen Angaben zur Mutter und eventuell einen Preis und Ihre Kontaktdaten.<br \/>\nWir stellen das Fohlen dann f\u00fcr Sie in die Fohlenb\u00f6rse.<\/p>\n<p>\u00dcber Bilder von Fohlen, die Sie noch nicht verkaufen m\u00f6chten freuen wir uns sehr<\/p>\n<p>und stellen sie gerne unter \u201eAktuell\u201c ein.<\/p>\n<p>&nbsp;<\/p>\n<hr \/>\n<p><span style=\"font-size: 18pt;\"><strong>Fohlenb\u00f6rse 2022<\/strong><\/span><\/p>\n<p>&nbsp;<\/p>\n<p>&nbsp;<\/p>\n<p>&nbsp;<\/p>\n<p><span style=\"font-size: 12pt;\"><strong>Typvolles und gro\u00dfrahmiges Hengstfohlen mit bedeutender Bergauftendenz!<\/strong><\/span><\/p>\n<p>Er f\u00e4llt auf durch seine charmante und menschenbezogene Art und hat drei \u00fcberdurchschnittliche Grundgangarten. Geboren ist er am 30.04.2022.<\/p>\n<p>Gleicherma\u00dfen interessant f\u00fcr Hengstaufz\u00fcchter und Reiter. <br \/>\nAus hochdekoriertem und sportlich erfolgreichem Stutenstamm. <br \/>\nVom Ausnahmevererber Duke of Hearts xx aus der Pr.St. Buena Vista von Guardian und der Pr.u.St.Pr.St. Beate von Kostolany und der Elite Stute Brightness xx von Carvin xx<\/p>\n<p><iframe loading=\"lazy\" title=\"Hengstfohlen von Duke of Hearts xx x Guardian\" width=\"800\" height=\"450\" src=\"https:\/\/www.youtube.com\/embed\/J5eeBKiCeXA?feature=oembed\" frameborder=\"0\" allow=\"accelerometer; autoplay; clipboard-write; encrypted-media; gyroscope; picture-in-picture; web-share\" allowfullscreen><\/iframe><\/p>\n<p>&nbsp;<\/p>\n<p><a href=\"https:\/\/www.ehorses.de\/trakehner-hengst-fohlen-brauner-vielseitigkeitspferd-zuchtpferd-springpferd-walsrode\/3146724.html\">https:\/\/www.ehorses.de\/trakehner-hengst-fohlen-brauner-vielseitigkeitspferd-zuchtpferd-springpferd-walsrode\/3146724.html\u00a0<\/a><\/p>\n<p>&nbsp;<\/p>\n<p>&nbsp;<\/p>\n<p>&nbsp;<\/p>\n<p>&nbsp;<\/p>\n<p>&nbsp;<\/p>\n<p>&nbsp;<\/p>\n<p>&nbsp;<\/p>\n<p>&nbsp;<\/p>\n<p>&nbsp;<\/p>\n<p>&nbsp;<\/p>\n<p>&nbsp;<\/p>\n<p>&nbsp;<\/p>\n<p>&nbsp;<\/p>\n","protected":false},"excerpt":{"rendered":"<p>Diese Seite ist ein Service f\u00fcr alle Kunden unserer Besamungsstation. Wenn Sie ein Fohlen von einem unserer Hengste haben, k\u00f6nnen Sie dieses hier kostenlos zum Verkauf pr\u00e4sentieren. Bitte schicken Sie uns m\u00f6glichst per Mail ein aussagekr\u00e4ftiges Foto, wenn Sie haben&#8230; <a href=\"https:\/\/www.soederhof.de\/en\/fohlenboerse\/\" class=\"readmore\">Read more<span class=\"screen-reader-text\">Fohlenb\u00f6rse<\/span><span class=\"fa fa-angle-double-right\" aria-hidden=\"true\"><\/span><\/a><\/p>\n","protected":false},"author":2,"featured_media":0,"parent":0,"menu_order":0,"comment_status":"closed","ping_status":"closed","template":"","meta":{"footnotes":""},"class_list":["post-293","page","type-page","status-publish","hentry"],"translation":{"provider":"WPGlobus","version":"3.0.0","language":"en","enabled_languages":["de","en"],"languages":{"de":{"title":true,"content":true,"excerpt":false},"en":{"title":false,"content":false,"excerpt":false}}},"yoast_head":"<!-- This site is optimized with the Yoast SEO plugin v26.6 - https:\/\/yoast.com\/wordpress\/plugins\/seo\/ -->\n<title>Fohlenb\u00f6rse - S\u00f6derhof<\/title>\n<meta name=\"robots\" content=\"index, follow, max-snippet:-1, max-image-preview:large, max-video-preview:-1\" \/>\n<link rel=\"canonical\" href=\"https:\/\/www.soederhof.de\/fohlenboerse\/\" \/>\n<meta property=\"og:locale\" content=\"en_US\" \/>\n<meta property=\"og:type\" content=\"article\" \/>\n<meta property=\"og:title\" content=\"Fohlenb\u00f6rse - S\u00f6derhof\" \/>\n<meta property=\"og:url\" content=\"https:\/\/www.soederhof.de\/fohlenboerse\/\" \/>\n<meta property=\"og:site_name\" content=\"S\u00f6derhof\" \/>\n<meta property=\"article:modified_time\" content=\"2023-01-13T11:09:27+00:00\" \/>\n<meta name=\"twitter:card\" content=\"summary_large_image\" \/>\n<meta name=\"twitter:label1\" content=\"Est. reading time\" \/>\n\t<meta name=\"twitter:data1\" content=\"1 minute\" \/>\n<script type=\"application\/ld+json\" class=\"yoast-schema-graph\">{\"@context\":\"https:\/\/schema.org\",\"@graph\":[{\"@type\":\"WebPage\",\"@id\":\"https:\/\/www.soederhof.de\/fohlenboerse\/\",\"url\":\"https:\/\/www.soederhof.de\/fohlenboerse\/\",\"name\":\"Fohlenb\u00f6rse - S\u00f6derhof\",\"isPartOf\":{\"@id\":\"https:\/\/www.soederhof.de\/#website\"},\"datePublished\":\"2017-11-30T10:05:12+00:00\",\"dateModified\":\"2023-01-13T11:09:27+00:00\",\"description\":\"\\\"Die Adresse f\u00fcr Edelblut\\\" - EU-Besamungsstation - Zucht- und Ausbildungsstall\",\"breadcrumb\":{\"@id\":\"https:\/\/www.soederhof.de\/fohlenboerse\/#breadcrumb\"},\"inLanguage\":\"en-US\",\"potentialAction\":[{\"@type\":\"ReadAction\",\"target\":[\"https:\/\/www.soederhof.de\/fohlenboerse\/\"]}]},{\"@type\":\"BreadcrumbList\",\"@id\":\"https:\/\/www.soederhof.de\/fohlenboerse\/#breadcrumb\",\"itemListElement\":[{\"@type\":\"ListItem\",\"position\":1,\"name\":\"Startseite\",\"item\":\"https:\/\/www.soederhof.de\/\"},{\"@type\":\"ListItem\",\"position\":2,\"name\":\"Fohlenb\u00f6rse\"}]},{\"@type\":\"WebSite\",\"@id\":\"https:\/\/www.soederhof.de\/#website\",\"url\":\"https:\/\/www.soederhof.de\/\",\"name\":\"S\u00f6derhof\",\"description\":\"Die Adresse f\u00fcr Edelblut\",\"publisher\":{\"@id\":\"https:\/\/www.soederhof.de\/#organization\"},\"potentialAction\":[{\"@type\":\"SearchAction\",\"target\":{\"@type\":\"EntryPoint\",\"urlTemplate\":\"https:\/\/www.soederhof.de\/?s={search_term_string}\"},\"query-input\":{\"@type\":\"PropertyValueSpecification\",\"valueRequired\":true,\"valueName\":\"search_term_string\"}}],\"inLanguage\":\"en-US\"},{\"@type\":\"Organization\",\"@id\":\"https:\/\/www.soederhof.de\/#organization\",\"name\":\"S\u00f6derhof\",\"url\":\"https:\/\/www.soederhof.de\/\",\"logo\":{\"@type\":\"ImageObject\",\"inLanguage\":\"en-US\",\"@id\":\"https:\/\/www.soederhof.de\/#\/schema\/logo\/image\/\",\"url\":\"https:\/\/www.soederhof.de\/wp-content\/uploads\/2020\/01\/logo.png\",\"contentUrl\":\"https:\/\/www.soederhof.de\/wp-content\/uploads\/2020\/01\/logo.png\",\"width\":369,\"height\":166,\"caption\":\"S\u00f6derhof\"},\"image\":{\"@id\":\"https:\/\/www.soederhof.de\/#\/schema\/logo\/image\/\"}}]}<\/script>\n<!-- \/ Yoast SEO plugin. -->","yoast_head_json":{"title":"Fohlenb\u00f6rse - S\u00f6derhof","robots":{"index":"index","follow":"follow","max-snippet":"max-snippet:-1","max-image-preview":"max-image-preview:large","max-video-preview":"max-video-preview:-1"},"canonical":"https:\/\/www.soederhof.de\/fohlenboerse\/","og_locale":"en_US","og_type":"article","og_title":"Fohlenb\u00f6rse - S\u00f6derhof","og_url":"https:\/\/www.soederhof.de\/fohlenboerse\/","og_site_name":"S\u00f6derhof","article_modified_time":"2023-01-13T11:09:27+00:00","twitter_card":"summary_large_image","twitter_misc":{"Est. reading time":"1 minute"},"schema":{"@context":"https:\/\/schema.org","@graph":[{"@type":"WebPage","@id":"https:\/\/www.soederhof.de\/fohlenboerse\/","url":"https:\/\/www.soederhof.de\/fohlenboerse\/","name":"Fohlenb\u00f6rse - S\u00f6derhof","isPartOf":{"@id":"https:\/\/www.soederhof.de\/#website"},"datePublished":"2017-11-30T10:05:12+00:00","dateModified":"2023-01-13T11:09:27+00:00","description":"\"Die Adresse f\u00fcr Edelblut\" - EU-Besamungsstation - Zucht- und Ausbildungsstall","breadcrumb":{"@id":"https:\/\/www.soederhof.de\/fohlenboerse\/#breadcrumb"},"inLanguage":"en-US","potentialAction":[{"@type":"ReadAction","target":["https:\/\/www.soederhof.de\/fohlenboerse\/"]}]},{"@type":"BreadcrumbList","@id":"https:\/\/www.soederhof.de\/fohlenboerse\/#breadcrumb","itemListElement":[{"@type":"ListItem","position":1,"name":"Startseite","item":"https:\/\/www.soederhof.de\/"},{"@type":"ListItem","position":2,"name":"Fohlenb\u00f6rse"}]},{"@type":"WebSite","@id":"https:\/\/www.soederhof.de\/#website","url":"https:\/\/www.soederhof.de\/","name":"S\u00f6derhof","description":"Die Adresse f\u00fcr Edelblut","publisher":{"@id":"https:\/\/www.soederhof.de\/#organization"},"potentialAction":[{"@type":"SearchAction","target":{"@type":"EntryPoint","urlTemplate":"https:\/\/www.soederhof.de\/?s={search_term_string}"},"query-input":{"@type":"PropertyValueSpecification","valueRequired":true,"valueName":"search_term_string"}}],"inLanguage":"en-US"},{"@type":"Organization","@id":"https:\/\/www.soederhof.de\/#organization","name":"S\u00f6derhof","url":"https:\/\/www.soederhof.de\/","logo":{"@type":"ImageObject","inLanguage":"en-US","@id":"https:\/\/www.soederhof.de\/#\/schema\/logo\/image\/","url":"https:\/\/www.soederhof.de\/wp-content\/uploads\/2020\/01\/logo.png","contentUrl":"https:\/\/www.soederhof.de\/wp-content\/uploads\/2020\/01\/logo.png","width":369,"height":166,"caption":"S\u00f6derhof"},"image":{"@id":"https:\/\/www.soederhof.de\/#\/schema\/logo\/image\/"}}]}},"_links":{"self":[{"href":"https:\/\/www.soederhof.de\/en\/wp-json\/wp\/v2\/pages\/293","targetHints":{"allow":["GET"]}}],"collection":[{"href":"https:\/\/www.soederhof.de\/en\/wp-json\/wp\/v2\/pages"}],"about":[{"href":"https:\/\/www.soederhof.de\/en\/wp-json\/wp\/v2\/types\/page"}],"author":[{"embeddable":true,"href":"https:\/\/www.soederhof.de\/en\/wp-json\/wp\/v2\/users\/2"}],"replies":[{"embeddable":true,"href":"https:\/\/www.soederhof.de\/en\/wp-json\/wp\/v2\/comments?post=293"}],"version-history":[{"count":43,"href":"https:\/\/www.soederhof.de\/en\/wp-json\/wp\/v2\/pages\/293\/revisions"}],"predecessor-version":[{"id":3067,"href":"https:\/\/www.soederhof.de\/en\/wp-json\/wp\/v2\/pages\/293\/revisions\/3067"}],"wp:attachment":[{"href":"https:\/\/www.soederhof.de\/en\/wp-json\/wp\/v2\/media?parent=293"}],"curies":[{"name":"wp","href":"https:\/\/api.w.org\/{rel}","templated":true}]}}