{"id":429,"date":"2017-12-04T09:33:41","date_gmt":"2017-12-04T08:33:41","guid":{"rendered":"http:\/\/www.website-hk.de\/?page_id=429"},"modified":"2017-12-22T13:28:05","modified_gmt":"2017-12-22T12:28:05","slug":"cairn-terrier","status":"publish","type":"page","link":"https:\/\/www.soederhof.de\/en\/cairn-terrier\/","title":{"rendered":"Cairn Terrier"},"content":{"rendered":"<p><em>&#8220;Ein Leben ohne Hund ist denkbar, aber sinnlos.<\/em>&#8221; <em>(Loriot)<br \/>\n Life is merrier with a terrier!<\/em><\/p>\n<p>Wir z\u00fcchten Cairn Terrier seit 1982.<\/p>\n<p>&nbsp;<\/p>\n<hr \/>\n<p>&nbsp;<\/p>\n<p><strong>26. Oktober 2014<\/strong><\/p>\n<p>Zwei kleine Cairn-Terrier suchen ein neues zu Hause!<\/p>\n<table style=\"border-color: #ffffff;\">\n<tbody>\n<tr style=\"border-color: #ffffff;\">\n<td style=\"border-color: #ffffff; text-align: center;\">\n<p><a href=\"http:\/\/www.soederhof.de\/wp-content\/uploads\/2017\/12\/baby2.jpg\"><img loading=\"lazy\" decoding=\"async\" class=\"alignnone wp-image-432\" src=\"http:\/\/www.soederhof.de\/wp-content\/uploads\/2017\/12\/baby2-229x300.jpg\" alt=\"\" width=\"152\" height=\"200\" srcset=\"https:\/\/www.soederhof.de\/wp-content\/uploads\/2017\/12\/baby2-229x300.jpg 229w, https:\/\/www.soederhof.de\/wp-content\/uploads\/2017\/12\/baby2.jpg 400w\" sizes=\"auto, (max-width: 152px) 100vw, 152px\" \/><\/a><\/p>\n<\/td>\n<td style=\"border-color: #ffffff; text-align: center;\">\n<p><a href=\"http:\/\/www.soederhof.de\/wp-content\/uploads\/2017\/12\/baby2quer.jpg\"><img loading=\"lazy\" decoding=\"async\" class=\"alignnone wp-image-433 size-medium\" src=\"http:\/\/www.soederhof.de\/wp-content\/uploads\/2017\/12\/baby2quer-300x200.jpg\" alt=\"\" width=\"300\" height=\"200\" srcset=\"https:\/\/www.soederhof.de\/wp-content\/uploads\/2017\/12\/baby2quer-300x200.jpg 300w, https:\/\/www.soederhof.de\/wp-content\/uploads\/2017\/12\/baby2quer.jpg 400w\" sizes=\"auto, (max-width: 300px) 100vw, 300px\" \/><\/a><\/p>\n<\/td>\n<\/tr>\n<tr style=\"border-color: #ffffff;\">\n<td style=\"border-color: #ffffff;\" colspan=\"2\">Diese beiden jungen Herren sind ab 10. November bereit umzuziehen und suchen nette Menschen, die sich nicht mehr langweilen m\u00f6chten.<\/td>\n<\/tr>\n<tr style=\"border-color: #ffffff;\">\n<td style=\"border-color: #ffffff; text-align: center;\">\n<p><a href=\"http:\/\/www.soederhof.de\/wp-content\/uploads\/2017\/12\/baby1.jpg\"><img loading=\"lazy\" decoding=\"async\" class=\"alignnone wp-image-430\" src=\"http:\/\/www.soederhof.de\/wp-content\/uploads\/2017\/12\/baby1-191x300.jpg\" alt=\"\" width=\"128\" height=\"200\" srcset=\"https:\/\/www.soederhof.de\/wp-content\/uploads\/2017\/12\/baby1-191x300.jpg 191w, https:\/\/www.soederhof.de\/wp-content\/uploads\/2017\/12\/baby1.jpg 400w\" sizes=\"auto, (max-width: 128px) 100vw, 128px\" \/><\/a><\/p>\n<\/td>\n<td style=\"border-color: #ffffff; text-align: center;\"><a href=\"http:\/\/www.soederhof.de\/wp-content\/uploads\/2017\/12\/baby1quer.jpg\"><img loading=\"lazy\" decoding=\"async\" class=\"alignnone wp-image-431 size-medium\" src=\"http:\/\/www.soederhof.de\/wp-content\/uploads\/2017\/12\/baby1quer-300x200.jpg\" alt=\"\" width=\"300\" height=\"200\" srcset=\"https:\/\/www.soederhof.de\/wp-content\/uploads\/2017\/12\/baby1quer-300x200.jpg 300w, https:\/\/www.soederhof.de\/wp-content\/uploads\/2017\/12\/baby1quer.jpg 400w\" sizes=\"auto, (max-width: 300px) 100vw, 300px\" \/><\/a><\/td>\n<\/tr>\n<tr style=\"border-color: #ffffff;\">\n<td style=\"border-color: #ffffff;\">\u00a0<\/td>\n<td style=\"border-color: #ffffff;\">\u00a0<\/td>\n<\/tr>\n<\/tbody>\n<\/table>\n<p>&nbsp;<\/p>\n<p><strong>10. September 2014<\/strong><\/p>\n<p>Endlich gibt es bei uns wieder kleine Cairn-Terrier! <strong>April<\/strong> hat heute Nacht 4 kleine Cairnies bekommen, 3 Jungs und 1 M\u00e4dchen, einer s\u00fc\u00dfer als der andere.<\/p>\n<p><a href=\"http:\/\/www.soederhof.de\/wp-content\/uploads\/2017\/12\/cairnbabys0914.jpg\"><img loading=\"lazy\" decoding=\"async\" class=\"alignnone wp-image-434 size-medium\" src=\"http:\/\/www.soederhof.de\/wp-content\/uploads\/2017\/12\/cairnbabys0914-300x191.jpg\" alt=\"\" width=\"300\" height=\"191\" srcset=\"https:\/\/www.soederhof.de\/wp-content\/uploads\/2017\/12\/cairnbabys0914-300x191.jpg 300w, https:\/\/www.soederhof.de\/wp-content\/uploads\/2017\/12\/cairnbabys0914.jpg 400w\" sizes=\"auto, (max-width: 300px) 100vw, 300px\" \/><\/a><\/p>\n<p>&nbsp;<\/p>\n<p>F\u00fcr 2015 ist ein Wurf mit Holly geplant.<\/p>\n","protected":false},"excerpt":{"rendered":"<p>&#8220;Ein Leben ohne Hund ist denkbar, aber sinnlos.&#8221; (Loriot) Life is merrier with a terrier! Wir z\u00fcchten Cairn Terrier seit 1982. &nbsp; &nbsp; 26. Oktober 2014 Zwei kleine Cairn-Terrier suchen ein neues zu Hause! Diese beiden jungen Herren sind ab&#8230; <a href=\"https:\/\/www.soederhof.de\/en\/cairn-terrier\/\" class=\"readmore\">Read more<span class=\"screen-reader-text\">Cairn Terrier<\/span><span class=\"fa fa-angle-double-right\" aria-hidden=\"true\"><\/span><\/a><\/p>\n","protected":false},"author":2,"featured_media":0,"parent":0,"menu_order":0,"comment_status":"closed","ping_status":"closed","template":"","meta":{"footnotes":""},"class_list":["post-429","page","type-page","status-publish","hentry"],"translation":{"provider":"WPGlobus","version":"3.0.0","language":"en","enabled_languages":["de","en"],"languages":{"de":{"title":true,"content":true,"excerpt":false},"en":{"title":false,"content":false,"excerpt":false}}},"yoast_head":"<!-- This site is optimized with the Yoast SEO plugin v26.6 - https:\/\/yoast.com\/wordpress\/plugins\/seo\/ -->\n<title>Cairn Terrier - S\u00f6derhof<\/title>\n<meta name=\"robots\" content=\"index, follow, max-snippet:-1, max-image-preview:large, max-video-preview:-1\" \/>\n<link rel=\"canonical\" href=\"https:\/\/www.soederhof.de\/en\/cairn-terrier\/\" \/>\n<meta property=\"og:locale\" content=\"en_US\" \/>\n<meta property=\"og:type\" content=\"article\" \/>\n<meta property=\"og:title\" content=\"Cairn Terrier - S\u00f6derhof\" \/>\n<meta property=\"og:url\" content=\"https:\/\/www.soederhof.de\/en\/cairn-terrier\/\" \/>\n<meta property=\"og:site_name\" content=\"S\u00f6derhof\" \/>\n<meta property=\"article:modified_time\" content=\"2017-12-22T12:28:05+00:00\" \/>\n<meta property=\"og:image\" content=\"http:\/\/www.soederhof.de\/wp-content\/uploads\/2017\/12\/baby2-229x300.jpg\" \/>\n<meta name=\"twitter:card\" content=\"summary_large_image\" \/>\n<script type=\"application\/ld+json\" class=\"yoast-schema-graph\">{\"@context\":\"https:\/\/schema.org\",\"@graph\":[{\"@type\":\"WebPage\",\"@id\":\"https:\/\/www.soederhof.de\/en\/cairn-terrier\/\",\"url\":\"https:\/\/www.soederhof.de\/en\/cairn-terrier\/\",\"name\":\"Cairn Terrier - S\u00f6derhof\",\"isPartOf\":{\"@id\":\"https:\/\/www.soederhof.de\/#website\"},\"primaryImageOfPage\":{\"@id\":\"https:\/\/www.soederhof.de\/en\/cairn-terrier\/#primaryimage\"},\"image\":{\"@id\":\"https:\/\/www.soederhof.de\/en\/cairn-terrier\/#primaryimage\"},\"thumbnailUrl\":\"http:\/\/www.soederhof.de\/wp-content\/uploads\/2017\/12\/baby2-229x300.jpg\",\"datePublished\":\"2017-12-04T08:33:41+00:00\",\"dateModified\":\"2017-12-22T12:28:05+00:00\",\"description\":\"\\\"Die Adresse f\u00fcr Edelblut\\\" - EU-Besamungsstation - Zucht- und Ausbildungsstall\",\"breadcrumb\":{\"@id\":\"https:\/\/www.soederhof.de\/en\/cairn-terrier\/#breadcrumb\"},\"inLanguage\":\"en-US\",\"potentialAction\":[{\"@type\":\"ReadAction\",\"target\":[\"https:\/\/www.soederhof.de\/en\/cairn-terrier\/\"]}]},{\"@type\":\"ImageObject\",\"inLanguage\":\"en-US\",\"@id\":\"https:\/\/www.soederhof.de\/en\/cairn-terrier\/#primaryimage\",\"url\":\"http:\/\/www.soederhof.de\/wp-content\/uploads\/2017\/12\/baby2-229x300.jpg\",\"contentUrl\":\"http:\/\/www.soederhof.de\/wp-content\/uploads\/2017\/12\/baby2-229x300.jpg\"},{\"@type\":\"BreadcrumbList\",\"@id\":\"https:\/\/www.soederhof.de\/en\/cairn-terrier\/#breadcrumb\",\"itemListElement\":[{\"@type\":\"ListItem\",\"position\":1,\"name\":\"Startseite\",\"item\":\"https:\/\/www.soederhof.de\/\"},{\"@type\":\"ListItem\",\"position\":2,\"name\":\"Cairn Terrier\"}]},{\"@type\":\"WebSite\",\"@id\":\"https:\/\/www.soederhof.de\/#website\",\"url\":\"https:\/\/www.soederhof.de\/\",\"name\":\"S\u00f6derhof\",\"description\":\"Die Adresse f\u00fcr Edelblut\",\"publisher\":{\"@id\":\"https:\/\/www.soederhof.de\/#organization\"},\"potentialAction\":[{\"@type\":\"SearchAction\",\"target\":{\"@type\":\"EntryPoint\",\"urlTemplate\":\"https:\/\/www.soederhof.de\/?s={search_term_string}\"},\"query-input\":{\"@type\":\"PropertyValueSpecification\",\"valueRequired\":true,\"valueName\":\"search_term_string\"}}],\"inLanguage\":\"en-US\"},{\"@type\":\"Organization\",\"@id\":\"https:\/\/www.soederhof.de\/#organization\",\"name\":\"S\u00f6derhof\",\"url\":\"https:\/\/www.soederhof.de\/\",\"logo\":{\"@type\":\"ImageObject\",\"inLanguage\":\"en-US\",\"@id\":\"https:\/\/www.soederhof.de\/#\/schema\/logo\/image\/\",\"url\":\"https:\/\/www.soederhof.de\/wp-content\/uploads\/2020\/01\/logo.png\",\"contentUrl\":\"https:\/\/www.soederhof.de\/wp-content\/uploads\/2020\/01\/logo.png\",\"width\":369,\"height\":166,\"caption\":\"S\u00f6derhof\"},\"image\":{\"@id\":\"https:\/\/www.soederhof.de\/#\/schema\/logo\/image\/\"}}]}<\/script>\n<!-- \/ Yoast SEO plugin. -->","yoast_head_json":{"title":"Cairn Terrier - S\u00f6derhof","robots":{"index":"index","follow":"follow","max-snippet":"max-snippet:-1","max-image-preview":"max-image-preview:large","max-video-preview":"max-video-preview:-1"},"canonical":"https:\/\/www.soederhof.de\/en\/cairn-terrier\/","og_locale":"en_US","og_type":"article","og_title":"Cairn Terrier - S\u00f6derhof","og_url":"https:\/\/www.soederhof.de\/en\/cairn-terrier\/","og_site_name":"S\u00f6derhof","article_modified_time":"2017-12-22T12:28:05+00:00","og_image":[{"url":"http:\/\/www.soederhof.de\/wp-content\/uploads\/2017\/12\/baby2-229x300.jpg","type":"","width":"","height":""}],"twitter_card":"summary_large_image","schema":{"@context":"https:\/\/schema.org","@graph":[{"@type":"WebPage","@id":"https:\/\/www.soederhof.de\/en\/cairn-terrier\/","url":"https:\/\/www.soederhof.de\/en\/cairn-terrier\/","name":"Cairn Terrier - S\u00f6derhof","isPartOf":{"@id":"https:\/\/www.soederhof.de\/#website"},"primaryImageOfPage":{"@id":"https:\/\/www.soederhof.de\/en\/cairn-terrier\/#primaryimage"},"image":{"@id":"https:\/\/www.soederhof.de\/en\/cairn-terrier\/#primaryimage"},"thumbnailUrl":"http:\/\/www.soederhof.de\/wp-content\/uploads\/2017\/12\/baby2-229x300.jpg","datePublished":"2017-12-04T08:33:41+00:00","dateModified":"2017-12-22T12:28:05+00:00","description":"\"Die Adresse f\u00fcr Edelblut\" - EU-Besamungsstation - Zucht- und Ausbildungsstall","breadcrumb":{"@id":"https:\/\/www.soederhof.de\/en\/cairn-terrier\/#breadcrumb"},"inLanguage":"en-US","potentialAction":[{"@type":"ReadAction","target":["https:\/\/www.soederhof.de\/en\/cairn-terrier\/"]}]},{"@type":"ImageObject","inLanguage":"en-US","@id":"https:\/\/www.soederhof.de\/en\/cairn-terrier\/#primaryimage","url":"http:\/\/www.soederhof.de\/wp-content\/uploads\/2017\/12\/baby2-229x300.jpg","contentUrl":"http:\/\/www.soederhof.de\/wp-content\/uploads\/2017\/12\/baby2-229x300.jpg"},{"@type":"BreadcrumbList","@id":"https:\/\/www.soederhof.de\/en\/cairn-terrier\/#breadcrumb","itemListElement":[{"@type":"ListItem","position":1,"name":"Startseite","item":"https:\/\/www.soederhof.de\/"},{"@type":"ListItem","position":2,"name":"Cairn Terrier"}]},{"@type":"WebSite","@id":"https:\/\/www.soederhof.de\/#website","url":"https:\/\/www.soederhof.de\/","name":"S\u00f6derhof","description":"Die Adresse f\u00fcr Edelblut","publisher":{"@id":"https:\/\/www.soederhof.de\/#organization"},"potentialAction":[{"@type":"SearchAction","target":{"@type":"EntryPoint","urlTemplate":"https:\/\/www.soederhof.de\/?s={search_term_string}"},"query-input":{"@type":"PropertyValueSpecification","valueRequired":true,"valueName":"search_term_string"}}],"inLanguage":"en-US"},{"@type":"Organization","@id":"https:\/\/www.soederhof.de\/#organization","name":"S\u00f6derhof","url":"https:\/\/www.soederhof.de\/","logo":{"@type":"ImageObject","inLanguage":"en-US","@id":"https:\/\/www.soederhof.de\/#\/schema\/logo\/image\/","url":"https:\/\/www.soederhof.de\/wp-content\/uploads\/2020\/01\/logo.png","contentUrl":"https:\/\/www.soederhof.de\/wp-content\/uploads\/2020\/01\/logo.png","width":369,"height":166,"caption":"S\u00f6derhof"},"image":{"@id":"https:\/\/www.soederhof.de\/#\/schema\/logo\/image\/"}}]}},"_links":{"self":[{"href":"https:\/\/www.soederhof.de\/en\/wp-json\/wp\/v2\/pages\/429","targetHints":{"allow":["GET"]}}],"collection":[{"href":"https:\/\/www.soederhof.de\/en\/wp-json\/wp\/v2\/pages"}],"about":[{"href":"https:\/\/www.soederhof.de\/en\/wp-json\/wp\/v2\/types\/page"}],"author":[{"embeddable":true,"href":"https:\/\/www.soederhof.de\/en\/wp-json\/wp\/v2\/users\/2"}],"replies":[{"embeddable":true,"href":"https:\/\/www.soederhof.de\/en\/wp-json\/wp\/v2\/comments?post=429"}],"version-history":[{"count":5,"href":"https:\/\/www.soederhof.de\/en\/wp-json\/wp\/v2\/pages\/429\/revisions"}],"predecessor-version":[{"id":649,"href":"https:\/\/www.soederhof.de\/en\/wp-json\/wp\/v2\/pages\/429\/revisions\/649"}],"wp:attachment":[{"href":"https:\/\/www.soederhof.de\/en\/wp-json\/wp\/v2\/media?parent=429"}],"curies":[{"name":"wp","href":"https:\/\/api.w.org\/{rel}","templated":true}]}}